{"id":127,"date":"2013-03-22T23:30:59","date_gmt":"2013-03-22T23:30:59","guid":{"rendered":"http:\/\/www.kcili.cz\/?page_id=127"},"modified":"2023-12-29T15:29:28","modified_gmt":"2023-12-29T15:29:28","slug":"uvod","status":"publish","type":"page","link":"https:\/\/www.cestaviry.cz\/","title":{"rendered":"\u00davod"},"content":{"rendered":"<p style=\"text-align: left;\">Str\u00e1nky www.cestaviry.cz jsme zalo\u017eili r. 2013 jako ur\u010dit\u00e9 pokra\u010dov\u00e1n\u00ed str\u00e1nek <a href=\"http:\/\/www.byvaliadventiste.cz\" onclick=\"_gaq.push(['_trackEvent', 'outbound-article', 'http:\/\/www.byvaliadventiste.cz', 'www.byvaliadventiste.cz']);\" target=\"_blank\" rel=\"noopener\">www.byvaliadventiste.cz<\/a>. Chceme se zde sd\u00edlet p\u0159edev\u0161\u00edm teologick\u00e9 podklady,\u00a0 post\u0159ehy, kter\u00e9 jsme z\u00edskali. Najdete zde \u010dl\u00e1nky, \u00favahy, odkazy na zaj\u00edmav\u00e1 k\u00e1z\u00e1n\u00ed a inspirativn\u00ed webov\u00e9 str\u00e1nky. \u00a0Na\u0161\u00edm nejv\u011bt\u0161\u00edm p\u0159\u00e1n\u00edm je to, aby ti, kdo maj\u00ed ot\u00e1zky nebo p\u0159\u00edmo pochybnosti k u\u010den\u00ed \u00a0C\u00edrkve adventist\u016f s. d., zde m\u011bli mo\u017enost naj\u00edt odpov\u011bdi \u00a0nebo podn\u011bty k dal\u0161\u00edmu p\u0159em\u00fd\u0161len\u00ed a to necenzurovanou a transparentn\u00ed formou.<\/p>\n","protected":false},"excerpt":{"rendered":"<p>Str\u00e1nky www.cestaviry.cz jsme zalo\u017eili r. 2013 jako ur\u010dit\u00e9 pokra\u010dov\u00e1n\u00ed str\u00e1nek www.byvaliadventiste.cz. Chceme se zde sd\u00edlet p\u0159edev\u0161\u00edm teologick\u00e9 podklady,\u00a0 post\u0159ehy, kter\u00e9 jsme z\u00edskali. Najdete zde \u010dl\u00e1nky, \u00favahy, odkazy na zaj\u00edmav\u00e1 k\u00e1z\u00e1n\u00ed a inspirativn\u00ed webov\u00e9 str\u00e1nky. \u00a0Na\u0161\u00edm nejv\u011bt\u0161\u00edm p\u0159\u00e1n\u00edm je to, aby &hellip; <a href=\"https:\/\/www.cestaviry.cz\/\">Cel\u00fd p\u0159\u00edsp\u011bvek <span class=\"meta-nav\">&rarr;<\/span><\/a><\/p>\n","protected":false},"author":1,"featured_media":0,"parent":0,"menu_order":0,"comment_status":"closed","ping_status":"open","template":"sidebar-page.php","meta":[],"_links":{"self":[{"href":"https:\/\/www.cestaviry.cz\/index.php?rest_route=\/wp\/v2\/pages\/127"}],"collection":[{"href":"https:\/\/www.cestaviry.cz\/index.php?rest_route=\/wp\/v2\/pages"}],"about":[{"href":"https:\/\/www.cestaviry.cz\/index.php?rest_route=\/wp\/v2\/types\/page"}],"author":[{"embeddable":true,"href":"https:\/\/www.cestaviry.cz\/index.php?rest_route=\/wp\/v2\/users\/1"}],"replies":[{"embeddable":true,"href":"https:\/\/www.cestaviry.cz\/index.php?rest_route=%2Fwp%2Fv2%2Fcomments&post=127"}],"version-history":[{"count":6,"href":"https:\/\/www.cestaviry.cz\/index.php?rest_route=\/wp\/v2\/pages\/127\/revisions"}],"predecessor-version":[{"id":1450,"href":"https:\/\/www.cestaviry.cz\/index.php?rest_route=\/wp\/v2\/pages\/127\/revisions\/1450"}],"wp:attachment":[{"href":"https:\/\/www.cestaviry.cz\/index.php?rest_route=%2Fwp%2Fv2%2Fmedia&parent=127"}],"curies":[{"name":"wp","href":"https:\/\/api.w.org\/{rel}","templated":true}]}}